{"id":199852,"date":"2024-12-11T15:17:04","date_gmt":"2024-12-11T14:17:04","guid":{"rendered":"https:\/\/behouse.ch\/?page_id=199852"},"modified":"2024-12-16T23:32:32","modified_gmt":"2024-12-16T22:32:32","slug":"cookie-policy","status":"publish","type":"page","link":"https:\/\/bespacerealestate.com\/fr\/cookie-policy\/","title":{"rendered":"Cookie Policy"},"content":{"rendered":"\t\t<div data-elementor-type=\"wp-page\" data-elementor-id=\"199852\" class=\"elementor elementor-199852 elementor-199803\" data-elementor-post-type=\"page\">\n\t\t\t\t<div class=\"elementor-element elementor-element-2d7df23 testo-policy e-flex e-con-boxed e-con e-parent\" data-id=\"2d7df23\" data-element_type=\"container\">\n\t\t\t\t\t<div class=\"e-con-inner\">\n\t\t\t\t<div class=\"elementor-element elementor-element-0523234 elementor-widget elementor-widget-heading\" data-id=\"0523234\" data-element_type=\"widget\" data-widget_type=\"heading.default\">\n\t\t\t\t<div class=\"elementor-widget-container\">\n\t\t\t\t\t<h2 class=\"elementor-heading-title elementor-size-default\">Cookie Policy<\/h2>\t\t\t\t<\/div>\n\t\t\t\t<\/div>\n\t\t\t\t<div class=\"elementor-element elementor-element-b48ba7d elementor-widget elementor-widget-text-editor\" data-id=\"b48ba7d\" data-element_type=\"widget\" data-widget_type=\"text-editor.default\">\n\t\t\t\t<div class=\"elementor-widget-container\">\n\t\t\t\t\t\t\t\t\t<p><strong>1. Introduction<\/strong><\/p><p>Notre site web &#8211; https:\/\/behouse.ch (ci-apr\u00e8s: \u00able site web\u00bb) &#8211; utilise des cookies et d&rsquo;autres technologies connexes (par commodit\u00e9, toutes les technologies sont d\u00e9sign\u00e9es par le terme \u00abcookies\u00bb). Nous vous informons ci-dessous de la mani\u00e8re dont nous utilisons les cookies sur notre site web.<\/p><p><strong>2. Qu&rsquo;est-ce qu&rsquo;un cookie?<\/strong><\/p><p>Les cookies sont de petits fichiers texte qui sont envoy\u00e9s avec les pages de ce site et stock\u00e9s par le navigateur sur l&rsquo;appareil de l&rsquo;utilisateur, o\u00f9 ils sont stock\u00e9s et ensuite retransmis au site lors de la prochaine visite du m\u00eame utilisateur.<\/p><p><strong>3. Qu&rsquo;est-ce qu&rsquo;un script?<\/strong><\/p><p>Un script est un morceau de code utilis\u00e9 pour faire fonctionner notre site correctement ou pour mettre en \u0153uvre des fonctionnalit\u00e9s suppl\u00e9mentaires. Ce code est ex\u00e9cut\u00e9 sur nos serveurs ou sur votre appareil.<\/p><p><strong>4. Qu&rsquo;est-ce qu&rsquo;une balise web?<\/strong><\/p><p>Une balise web (ou pixel tag) est un petit texte ou une image invisible plac\u00e9 sur un site web pour surveiller le trafic ou d&rsquo;autres actions de l&rsquo;utilisateur.<\/p><p><strong>5. Cookies utilis\u00e9s sur notre site web<\/strong><\/p><div class=\"cky-audit-table-element\">\u00a0<\/div><p><strong>6. Autorisation<\/strong><\/p><p>Lorsque vous visitez le site web pour la premi\u00e8re fois, nous affichons une fen\u00eatre contextuelle expliquant les cookies. En cliquant sur \u00abAccepter tout\u00bb, vous nous autorisez \u00e0 utiliser toutes les cat\u00e9gories de cookies \u00e9num\u00e9r\u00e9es au point 5 de la pr\u00e9sente politique. Si vous cliquez sur \u00abRejeter tout\u00bb, aucun cookie ne sera install\u00e9, \u00e0 l&rsquo;exception des cookies n\u00e9cessaires. Vous pouvez modifier vos param\u00e8tres en mati\u00e8re de cookies \u00e0 tout moment. Vous pouvez enregistrer vos choix en cliquant sur le bouton \u00abEnregistrer mes pr\u00e9f\u00e9rences\u00bb. Vous n&rsquo;installerez alors que les cookies des cat\u00e9gories s\u00e9lectionn\u00e9es.<br \/>Vous pouvez \u00e9galement d\u00e9sactiver les cookies de mani\u00e8re globale via votre navigateur, mais sachez que notre site web risque de ne plus fonctionner correctement.<\/p><p><strong>G\u00e9rer vos param\u00e8tres de consentement<\/strong><br \/>Vous pouvez modifier vos pr\u00e9f\u00e9rences en mati\u00e8re de cookies \u00e0 tout moment en cliquant sur le bouton ci-dessous. Vous pouvez ainsi revenir sur la banni\u00e8re de consentement aux cookies et modifier vos pr\u00e9f\u00e9rences ou r\u00e9voquer votre consentement imm\u00e9diatement.<\/p><p><a class=\"cky-banner-element\">Param\u00e8tres des cookies<\/a><\/p><p><strong>7. Activation, d\u00e9sactivation et suppression des cookies<\/strong><\/p><p>Vous pouvez modifier les param\u00e8tres de votre navigateur pour bloquer certains cookies ou supprimer tous les cookies install\u00e9s dans votre navigateur. La proc\u00e9dure de gestion des param\u00e8tres est diff\u00e9rente pour chaque navigateur. Cliquez sur le lien correspondant \u00e0 votre navigateur pour obtenir des instructions.<\/p><p>Chrome:\u00a0<a href=\"https:\/\/support.google.com\/accounts\/answer\/32050\" target=\"_blank\" rel=\"noopener\">https:\/\/support.google.com\/accounts\/answer\/32050<\/a><\/p><p>Safari:\u00a0<a href=\"https:\/\/support.apple.com\/fr-fr\/guide\/safari\/sfri11471\/mac\" target=\"_blank\" rel=\"noopener\">https:\/\/support.apple.com\/fr-fr\/guide\/safari\/sfri11471\/mac<\/a><\/p><p>Firefox:\u00a0<a href=\"https:\/\/support.mozilla.org\/fr\/kb\/effacer-cookies-donnees-site-firefox?redirectslug=delete-cookies-remove-info-websites-stored&amp;amp%3Bredirectlocale=fr-FR\" target=\"_blank\" rel=\"noopener\">https:\/\/support.mozilla.org\/fr\/kb\/effacer-cookies-donnees-site-firefox?redirectslug=delete-cookies-remove-info-websites-stored&amp;amp%3Bredirectlocale=fr-FR<\/a><\/p><p>Internet Explorer:\u00a0<a href=\"https:\/\/support.microsoft.com\/fr-fr\/topic\/comment-supprimer-des-fichiers-cookies-dans-internet-explorer-bca9446f-d873-78de-77ba-d42645fa52fc\" target=\"_blank\" rel=\"noopener\">https:\/\/support.microsoft.com\/fr-fr\/topic\/comment-supprimer-des-fichiers-cookies-dans-internet-explorer-bca9446f-d873-78de-77ba-d42645fa52fc<\/a><\/p><p>Si vous utilisez un autre navigateur web, veuillez consulter la documentation officielle de votre navigateur.<br \/>Si vous supprimez les cookies de votre navigateur, ils seront r\u00e9install\u00e9s lorsque vous reviendrez sur notre site web.<br \/>Les cookies n\u00e9cessaires seront r\u00e9install\u00e9s lorsque vous ouvrirez le site web, et les autres ne seront install\u00e9s qu&rsquo;apr\u00e8s votre consentement, si celui-ci a \u00e9t\u00e9 donn\u00e9.<\/p><p><strong>8. Vos droits concernant les donn\u00e9es \u00e0 caract\u00e8re personnel<\/strong><\/p><p>Vous disposez des droits suivants concernant vos donn\u00e9es \u00e0 caract\u00e8re personnel:<\/p><ul><li>Vous avez le droit de savoir quand vos donn\u00e9es personnelles sont n\u00e9cessaires, comment elles sont utilis\u00e9es et combien de temps elles seront conserv\u00e9es;<\/li><li>Droit d&rsquo;acc\u00e8s: vous avez le droit d&rsquo;acc\u00e9der aux donn\u00e9es \u00e0 caract\u00e8re personnel vous concernant dont nous avons connaissance;<\/li><li>Droit de rectification: vous avez le droit de compl\u00e9ter, de corriger, de supprimer ou de bloquer vos donn\u00e9es \u00e0 caract\u00e8re personnel lorsque vous le souhaitez;<\/li><li>Si vous nous donnez votre accord pour traiter vos donn\u00e9es, vous avez le droit de r\u00e9voquer cet accord et de supprimer vos donn\u00e9es personnelles;<\/li><li>Droit de transf\u00e9rer vos donn\u00e9es: vous avez le droit de demander toutes vos donn\u00e9es au responsable du traitement et de les transf\u00e9rer \u00e0 un autre responsable du traitement;<\/li><li>Droit d&rsquo;opposition: vous avez le droit de vous opposer au traitement de vos donn\u00e9es. Nous respecterons ce choix, \u00e0 moins qu&rsquo;il n&rsquo;existe une base valable et l\u00e9gitime qui nous oblige ou nous autorise \u00e0 poursuivre le traitement;<\/li><li>Droit d&rsquo;acc\u00e8s \u00e0 notre registre d&rsquo;entreprise dans lequel sont indiqu\u00e9s les pays vers lesquels les donn\u00e9es \u00e0 caract\u00e8re personnel sont transf\u00e9r\u00e9es;<\/li><li>Le droit d&rsquo;\u00eatre inform\u00e9 imm\u00e9diatement d&rsquo;une violation de la vie priv\u00e9e en vertu de la loi f\u00e9d\u00e9rale sur la protection des donn\u00e9es (LPD).<\/li><\/ul><p>Pour exercer ces droits, ou si vous avez d&rsquo;autres questions, veuillez nous contacter en utilisant les informations figurant \u00e0 la section 10 de la pr\u00e9sente politique. Si vous avez des probl\u00e8mes avec vos donn\u00e9es, veuillez nous contacter. Si vous le jugez n\u00e9cessaire, vous avez \u00e9galement le droit de d\u00e9poser une plainte aupr\u00e8s de l&rsquo;autorit\u00e9 de surveillance de la protection des donn\u00e9es (PFPDT &#8211; \u00abPr\u00e9pos\u00e9 f\u00e9d\u00e9ral \u00e0 la protection des donn\u00e9es et \u00e0 la transparence\u00bb).<\/p><p><strong>9. Coordonn\u00e9es Contr\u00f4leur de la protection des donn\u00e9es au sens du RGPD<\/strong><\/p><p><strong>BeSpace Group SA<\/strong><br \/>Via delle Scuole 13 &#8211; 6900 Paradiso &#8211; Suisse<br \/>T\u00e9l\u00e9phone: +41 (0) 91 985 90 70<br \/>Email: info@bespacegroup.com<\/p>\t\t\t\t\t\t\t\t<\/div>\n\t\t\t\t<\/div>\n\t\t\t\t\t<\/div>\n\t\t\t\t<\/div>\n\t\t\t\t<\/div>\n\t\t","protected":false},"excerpt":{"rendered":"<p>Cookie Policy 1. Introduction Notre site web &#8211; https:\/\/behouse.ch (ci-apr\u00e8s: \u00able site web\u00bb) &#8211; utilise des cookies et d&rsquo;autres technologies connexes (par commodit\u00e9, toutes les technologies sont d\u00e9sign\u00e9es par le terme \u00abcookies\u00bb). Nous vous informons ci-dessous de la mani\u00e8re dont nous utilisons les cookies sur notre site web. 2. Qu&rsquo;est-ce qu&rsquo;un cookie? Les cookies sont [&hellip;]<\/p>\n","protected":false},"author":1,"featured_media":0,"parent":0,"menu_order":0,"comment_status":"closed","ping_status":"closed","template":"","meta":{"_acf_changed":false,"footnotes":""},"class_list":["post-199852","page","type-page","status-publish","hentry"],"acf":[],"_links":{"self":[{"href":"https:\/\/bespacerealestate.com\/fr\/wp-json\/wp\/v2\/pages\/199852","targetHints":{"allow":["GET"]}}],"collection":[{"href":"https:\/\/bespacerealestate.com\/fr\/wp-json\/wp\/v2\/pages"}],"about":[{"href":"https:\/\/bespacerealestate.com\/fr\/wp-json\/wp\/v2\/types\/page"}],"author":[{"embeddable":true,"href":"https:\/\/bespacerealestate.com\/fr\/wp-json\/wp\/v2\/users\/1"}],"replies":[{"embeddable":true,"href":"https:\/\/bespacerealestate.com\/fr\/wp-json\/wp\/v2\/comments?post=199852"}],"version-history":[{"count":0,"href":"https:\/\/bespacerealestate.com\/fr\/wp-json\/wp\/v2\/pages\/199852\/revisions"}],"wp:attachment":[{"href":"https:\/\/bespacerealestate.com\/fr\/wp-json\/wp\/v2\/media?parent=199852"}],"curies":[{"name":"wp","href":"https:\/\/api.w.org\/{rel}","templated":true}]}}